{"id":361,"date":"2023-09-13T14:07:45","date_gmt":"2023-09-13T11:07:45","guid":{"rendered":"https:\/\/dijitalcetasarim.com.tr\/?page_id=361"},"modified":"2023-09-20T13:10:15","modified_gmt":"2023-09-20T10:10:15","slug":"3d-yazici-ile-aps-baski-urun-tasarimi","status":"publish","type":"page","link":"https:\/\/dijitalcetasarim.com.tr\/?page_id=361","title":{"rendered":"3D yaz\u0131c\u0131 ile aps bask\u0131 \u00fcr\u00fcn tasar\u0131m\u0131"},"content":{"rendered":"","protected":false},"excerpt":{"rendered":"","protected":false},"author":1,"featured_media":0,"parent":13,"menu_order":4,"comment_status":"closed","ping_status":"closed","template":"","meta":{"footnotes":""},"class_list":["post-361","page","type-page","status-publish","hentry"],"_links":{"self":[{"href":"https:\/\/dijitalcetasarim.com.tr\/index.php?rest_route=\/wp\/v2\/pages\/361","targetHints":{"allow":["GET"]}}],"collection":[{"href":"https:\/\/dijitalcetasarim.com.tr\/index.php?rest_route=\/wp\/v2\/pages"}],"about":[{"href":"https:\/\/dijitalcetasarim.com.tr\/index.php?rest_route=\/wp\/v2\/types\/page"}],"author":[{"embeddable":true,"href":"https:\/\/dijitalcetasarim.com.tr\/index.php?rest_route=\/wp\/v2\/users\/1"}],"replies":[{"embeddable":true,"href":"https:\/\/dijitalcetasarim.com.tr\/index.php?rest_route=%2Fwp%2Fv2%2Fcomments&post=361"}],"version-history":[{"count":4,"href":"https:\/\/dijitalcetasarim.com.tr\/index.php?rest_route=\/wp\/v2\/pages\/361\/revisions"}],"predecessor-version":[{"id":402,"href":"https:\/\/dijitalcetasarim.com.tr\/index.php?rest_route=\/wp\/v2\/pages\/361\/revisions\/402"}],"up":[{"embeddable":true,"href":"https:\/\/dijitalcetasarim.com.tr\/index.php?rest_route=\/wp\/v2\/pages\/13"}],"wp:attachment":[{"href":"https:\/\/dijitalcetasarim.com.tr\/index.php?rest_route=%2Fwp%2Fv2%2Fmedia&parent=361"}],"curies":[{"name":"wp","href":"https:\/\/api.w.org\/{rel}","templated":true}]}}