{"id":354,"date":"2023-09-13T14:08:17","date_gmt":"2023-09-13T11:08:17","guid":{"rendered":"https:\/\/dijitalcetasarim.com.tr\/?page_id=354"},"modified":"2023-09-20T13:09:27","modified_gmt":"2023-09-20T10:09:27","slug":"arduino-devreleri-ve-ekipman-satisi","status":"publish","type":"page","link":"https:\/\/dijitalcetasarim.com.tr\/?page_id=354","title":{"rendered":"Arduino devreleri ve ekipman sat\u0131\u015f\u0131"},"content":{"rendered":"","protected":false},"excerpt":{"rendered":"","protected":false},"author":1,"featured_media":0,"parent":13,"menu_order":3,"comment_status":"closed","ping_status":"closed","template":"","meta":{"footnotes":""},"class_list":["post-354","page","type-page","status-publish","hentry"],"_links":{"self":[{"href":"https:\/\/dijitalcetasarim.com.tr\/index.php?rest_route=\/wp\/v2\/pages\/354","targetHints":{"allow":["GET"]}}],"collection":[{"href":"https:\/\/dijitalcetasarim.com.tr\/index.php?rest_route=\/wp\/v2\/pages"}],"about":[{"href":"https:\/\/dijitalcetasarim.com.tr\/index.php?rest_route=\/wp\/v2\/types\/page"}],"author":[{"embeddable":true,"href":"https:\/\/dijitalcetasarim.com.tr\/index.php?rest_route=\/wp\/v2\/users\/1"}],"replies":[{"embeddable":true,"href":"https:\/\/dijitalcetasarim.com.tr\/index.php?rest_route=%2Fwp%2Fv2%2Fcomments&post=354"}],"version-history":[{"count":3,"href":"https:\/\/dijitalcetasarim.com.tr\/index.php?rest_route=\/wp\/v2\/pages\/354\/revisions"}],"predecessor-version":[{"id":400,"href":"https:\/\/dijitalcetasarim.com.tr\/index.php?rest_route=\/wp\/v2\/pages\/354\/revisions\/400"}],"up":[{"embeddable":true,"href":"https:\/\/dijitalcetasarim.com.tr\/index.php?rest_route=\/wp\/v2\/pages\/13"}],"wp:attachment":[{"href":"https:\/\/dijitalcetasarim.com.tr\/index.php?rest_route=%2Fwp%2Fv2%2Fmedia&parent=354"}],"curies":[{"name":"wp","href":"https:\/\/api.w.org\/{rel}","templated":true}]}}