{"id":17,"date":"2023-08-15T13:13:57","date_gmt":"2023-08-15T10:13:57","guid":{"rendered":"https:\/\/dijitalcetasarim.com.tr\/?page_id=17"},"modified":"2023-11-18T12:53:45","modified_gmt":"2023-11-18T09:53:45","slug":"iletisim","status":"publish","type":"page","link":"https:\/\/dijitalcetasarim.com.tr\/?page_id=17","title":{"rendered":"\u0130leti\u015fim"},"content":{"rendered":"\n<p class=\"has-text-align-left\">   <\/p>\n\n\n\n<div style=\"height:100px\" aria-hidden=\"true\" class=\"wp-block-spacer\"><\/div>\n\n\n\n<div class=\"wp-block-columns is-layout-flex wp-container-core-columns-is-layout-28f84493 wp-block-columns-is-layout-flex\">\n<div class=\"wp-block-column is-layout-flow wp-block-column-is-layout-flow\">\n<iframe src=\"https:\/\/www.google.com\/maps\/embed?pb=!1m16!1m12!1m3!1d3020.252093042339!2d29.429140074749764!3d40.800453796592606!2m3!1f0!2f0!3f0!3m2!1i1024!2i768!4f13.1!2m1!1sHACIHAL%C4%B0L%20MAH.%20%20YEN%C4%B0%20BA%C4%9EDAT%20CD.%20NO%3A400%20%20PK%3A41400%20%20GEBZE%2FKOCAEL%C4%B0%20!5e0!3m2!1str!2str!4v1694008369998!5m2!1str!2str\" width=\"350\" height=\"300\" style=\"border:0;\" allowfullscreen=\"\" loading=\"lazy\" referrerpolicy=\"no-referrer-when-downgrade\"><\/iframe>\n<\/div>\n\n\n\n<div class=\"wp-block-column is-vertically-aligned-center is-layout-flow wp-block-column-is-layout-flow\"><\/div>\n\n\n\n<div class=\"wp-block-column is-layout-flow wp-block-column-is-layout-flow\">\n<div class=\"wp-block-columns is-layout-flex wp-container-core-columns-is-layout-28f84493 wp-block-columns-is-layout-flex\">\n<div class=\"wp-block-column is-layout-flow wp-block-column-is-layout-flow\" style=\"flex-basis:100%\">\n<pre class=\"wp-block-verse has-small-font-size\" style=\"border-style:none;border-width:0px;margin-top:0;margin-right:0;margin-bottom:0;margin-left:0\"><strong>CEYHAN IRVA <\/strong>\n\nGSM : 0541 540 24 64                                               IBAN:TR810006701000000086186244\n\nADRES : HACIHAL\u0130L MAH. YEN\u0130 BA\u011eDAT CD. 400 PK:41400 GEBZE\/KOCAEL\u0130\n<\/pre>\n<\/div>\n<\/div>\n<\/div>\n<\/div>\n\n\n\n<div style=\"height:100px\" aria-hidden=\"true\" class=\"wp-block-spacer\"><\/div>\n\n\n\n<hr class=\"wp-block-separator aligncenter has-alpha-channel-opacity is-style-wide\"\/>\n\n\n\n<div style=\"height:794px\" aria-hidden=\"true\" class=\"wp-block-spacer\"><\/div>\n\n\n\n<div class=\"wp-block-columns is-layout-flex wp-container-core-columns-is-layout-28f84493 wp-block-columns-is-layout-flex\">\n<div class=\"wp-block-column is-layout-flow wp-block-column-is-layout-flow\"><\/div>\n<\/div>\n","protected":false},"excerpt":{"rendered":"<p>CEYHAN IRVA GSM : 0541 540 24 64 IBAN:TR810006701000000086186244 ADRES : HACIHAL\u0130L MAH. YEN\u0130 BA\u011eDAT CD. 400 PK:41400 GEBZE\/KOCAEL\u0130<\/p>\n","protected":false},"author":1,"featured_media":0,"parent":0,"menu_order":6,"comment_status":"closed","ping_status":"closed","template":"","meta":{"footnotes":""},"class_list":["post-17","page","type-page","status-publish","hentry"],"_links":{"self":[{"href":"https:\/\/dijitalcetasarim.com.tr\/index.php?rest_route=\/wp\/v2\/pages\/17","targetHints":{"allow":["GET"]}}],"collection":[{"href":"https:\/\/dijitalcetasarim.com.tr\/index.php?rest_route=\/wp\/v2\/pages"}],"about":[{"href":"https:\/\/dijitalcetasarim.com.tr\/index.php?rest_route=\/wp\/v2\/types\/page"}],"author":[{"embeddable":true,"href":"https:\/\/dijitalcetasarim.com.tr\/index.php?rest_route=\/wp\/v2\/users\/1"}],"replies":[{"embeddable":true,"href":"https:\/\/dijitalcetasarim.com.tr\/index.php?rest_route=%2Fwp%2Fv2%2Fcomments&post=17"}],"version-history":[{"count":78,"href":"https:\/\/dijitalcetasarim.com.tr\/index.php?rest_route=\/wp\/v2\/pages\/17\/revisions"}],"predecessor-version":[{"id":422,"href":"https:\/\/dijitalcetasarim.com.tr\/index.php?rest_route=\/wp\/v2\/pages\/17\/revisions\/422"}],"wp:attachment":[{"href":"https:\/\/dijitalcetasarim.com.tr\/index.php?rest_route=%2Fwp%2Fv2%2Fmedia&parent=17"}],"curies":[{"name":"wp","href":"https:\/\/api.w.org\/{rel}","templated":true}]}}